{"id":410,"date":"2013-11-11T19:22:26","date_gmt":"2013-11-11T18:22:26","guid":{"rendered":"http:\/\/www.mbu-con.se\/?page_id=410"},"modified":"2022-06-12T19:51:19","modified_gmt":"2022-06-12T17:51:19","slug":"faste-till-hamilton-t1","status":"publish","type":"page","link":"http:\/\/www.mbu-con.se\/?page_id=410","title":{"rendered":"F\u00e4ste till Hamilton T1"},"content":{"rendered":"<p>MBU Constructions AB har tagit fram ett f\u00e4ste som passar till Hamilton T1.<\/p>\n<p>F\u00e4stet \u00e4r CE-m\u00e4rkt, godk\u00e4nt f\u00f6r ambulanstransport EN 1789 samt MDR klass 1.<\/p>\n<p><a href=\"http:\/\/www.mbu-con.se\/wp-content\/uploads\/2013\/11\/holder-hamiltonT1_300.png\"><img loading=\"lazy\" class=\"alignnone size-full wp-image-411\" title=\"F\u00e4ste till Hamilton T1\" src=\"http:\/\/www.mbu-con.se\/wp-content\/uploads\/2013\/11\/holder-hamiltonT1_300.png\" alt=\"F\u00e4ste till Hamilton T1\" width=\"300\" height=\"275\" \/><\/a><\/p>\n<p>Instruktionsfilm f\u00f6r f\u00e4ste Hamilton T1<br \/>\n<iframe loading=\"lazy\" src=\"https:\/\/www.youtube.com\/embed\/vvhanRZTSCY?rel=0\" width=\"560\" height=\"315\" frameborder=\"0\"><\/iframe><\/p>\n<p><a href=\"http:\/\/www.mbu-con.se\/wp-content\/uploads\/2013\/11\/Bruksanvisning-Hamiltonf\u00e4ste-T1.pdf\">Bruksanvisning f\u00e4ste Hamilton T1<\/a><\/p>\n<p><a href=\"http:\/\/www.mbu-con.se\/wp-content\/uploads\/2013\/11\/holder-hamiltonT1_400.png\"><img loading=\"lazy\" class=\"alignnone size-full wp-image-412\" title=\"F\u00e4ste till Hamilton T1\" src=\"http:\/\/www.mbu-con.se\/wp-content\/uploads\/2013\/11\/holder-hamiltonT1_400.png\" alt=\"F\u00e4ste till Hamilton T1\" width=\"400\" height=\"322\" srcset=\"http:\/\/www.mbu-con.se\/wp-content\/uploads\/2013\/11\/holder-hamiltonT1_400.png 400w, http:\/\/www.mbu-con.se\/wp-content\/uploads\/2013\/11\/holder-hamiltonT1_400-300x241.png 300w\" sizes=\"(max-width: 400px) 100vw, 400px\" \/><\/a><\/p>\n<p>F\u00f6r mer information kontakta MBU Construction AB.<\/p>\n","protected":false},"excerpt":{"rendered":"<p>MBU Constructions AB har tagit fram ett f\u00e4ste som passar till Hamilton T1. F\u00e4stet \u00e4r CE-m\u00e4rkt, godk\u00e4nt f\u00f6r ambulanstransport EN 1789 samt MDR klass 1. Instruktionsfilm f\u00f6r f\u00e4ste Hamilton T1 Bruksanvisning f\u00e4ste Hamilton T1 F\u00f6r mer information kontakta MBU Construction &hellip; <a href=\"http:\/\/www.mbu-con.se\/?page_id=410\">L\u00e4s mer <span class=\"meta-nav\">&rarr;<\/span><\/a><\/p>\n","protected":false},"author":1,"featured_media":0,"parent":0,"menu_order":0,"comment_status":"closed","ping_status":"closed","template":"onecolumn-page.php","meta":[],"_links":{"self":[{"href":"http:\/\/www.mbu-con.se\/index.php?rest_route=\/wp\/v2\/pages\/410"}],"collection":[{"href":"http:\/\/www.mbu-con.se\/index.php?rest_route=\/wp\/v2\/pages"}],"about":[{"href":"http:\/\/www.mbu-con.se\/index.php?rest_route=\/wp\/v2\/types\/page"}],"author":[{"embeddable":true,"href":"http:\/\/www.mbu-con.se\/index.php?rest_route=\/wp\/v2\/users\/1"}],"replies":[{"embeddable":true,"href":"http:\/\/www.mbu-con.se\/index.php?rest_route=%2Fwp%2Fv2%2Fcomments&post=410"}],"version-history":[{"count":10,"href":"http:\/\/www.mbu-con.se\/index.php?rest_route=\/wp\/v2\/pages\/410\/revisions"}],"predecessor-version":[{"id":688,"href":"http:\/\/www.mbu-con.se\/index.php?rest_route=\/wp\/v2\/pages\/410\/revisions\/688"}],"wp:attachment":[{"href":"http:\/\/www.mbu-con.se\/index.php?rest_route=%2Fwp%2Fv2%2Fmedia&parent=410"}],"curies":[{"name":"wp","href":"https:\/\/api.w.org\/{rel}","templated":true}]}}