{"id":421,"date":"2013-11-11T19:29:12","date_gmt":"2013-11-11T18:29:12","guid":{"rendered":"http:\/\/www.mbu-con.se\/?page_id=421"},"modified":"2023-03-20T18:54:50","modified_gmt":"2023-03-20T17:54:50","slug":"faste-till-mindray-beneview-mindray-t1","status":"publish","type":"page","link":"http:\/\/www.mbu-con.se\/?page_id=421","title":{"rendered":"F\u00e4ste T1\/N1 Holder till Mindray BeneView T1 och BeneVision N1"},"content":{"rendered":"<p>MBU Constructions AB har tagit fram f\u00e4stet T1\/N1 Holder\u00a0som passar till Mindray Beneview\u00a0T1 och BeneVison N1.<\/p>\n<p><a href=\"http:\/\/www.mbu-con.se\/wp-content\/uploads\/2013\/11\/T1-Holder_3-600.png\"><img loading=\"lazy\" class=\"alignnone size-full wp-image-481\" title=\"T1-Holder_3-600\" src=\"http:\/\/www.mbu-con.se\/wp-content\/uploads\/2013\/11\/T1-Holder_3-600.png\" alt=\"\" width=\"600\" height=\"214\" srcset=\"http:\/\/www.mbu-con.se\/wp-content\/uploads\/2013\/11\/T1-Holder_3-600.png 600w, http:\/\/www.mbu-con.se\/wp-content\/uploads\/2013\/11\/T1-Holder_3-600-300x107.png 300w\" sizes=\"(max-width: 600px) 100vw, 600px\" \/><\/a><\/p>\n<p>Produktfakta:<\/p>\n<ul>\n<li>Tillverkad i rostfritt<\/li>\n<li>Vikt med MBU Gripklo 870 g<\/li>\n<li>Vikt utan MBU Gripklo 670 g<\/li>\n<li>Passar till r\u00f6r 20-30 mm diameter, EU-skena och IVA-skena<\/li>\n<li>Gripklo med m\u00f6jlighet med 4 positioner, se bild nedan.<\/li>\n<li>F\u00e4stet \u00e4r CE-m\u00e4rkt, godk\u00e4nt f\u00f6r ambulanstransport EN 1789 samt MDR klass 1.<\/li>\n<\/ul>\n<p><a href=\"http:\/\/www.mbu-con.se\/wp-content\/uploads\/2013\/11\/T1-Holder_alternativ-gripklo.png\"><img loading=\"lazy\" class=\"alignnone size-full wp-image-464\" title=\"T1 Holder alternativ montering av gripklo\" src=\"http:\/\/www.mbu-con.se\/wp-content\/uploads\/2013\/11\/T1-Holder_alternativ-gripklo.png\" alt=\"T1 Holder alternativ montering av gripklo\" width=\"400\" height=\"400\" srcset=\"http:\/\/www.mbu-con.se\/wp-content\/uploads\/2013\/11\/T1-Holder_alternativ-gripklo.png 400w, http:\/\/www.mbu-con.se\/wp-content\/uploads\/2013\/11\/T1-Holder_alternativ-gripklo-150x150.png 150w, http:\/\/www.mbu-con.se\/wp-content\/uploads\/2013\/11\/T1-Holder_alternativ-gripklo-300x300.png 300w\" sizes=\"(max-width: 400px) 100vw, 400px\" \/><\/a><\/p>\n<p><iframe loading=\"lazy\" src=\"\/\/www.youtube.com\/embed\/NZpJHo-hoPQ?rel=0\" width=\"560\" height=\"315\" frameborder=\"0\"><\/iframe><\/p>\n","protected":false},"excerpt":{"rendered":"<p>MBU Constructions AB har tagit fram f\u00e4stet T1\/N1 Holder\u00a0som passar till Mindray Beneview\u00a0T1 och BeneVison N1. Produktfakta: Tillverkad i rostfritt Vikt med MBU Gripklo 870 g Vikt utan MBU Gripklo 670 g Passar till r\u00f6r 20-30 mm diameter, EU-skena och &hellip; <a href=\"http:\/\/www.mbu-con.se\/?page_id=421\">L\u00e4s mer <span class=\"meta-nav\">&rarr;<\/span><\/a><\/p>\n","protected":false},"author":1,"featured_media":0,"parent":0,"menu_order":0,"comment_status":"closed","ping_status":"closed","template":"onecolumn-page.php","meta":[],"_links":{"self":[{"href":"http:\/\/www.mbu-con.se\/index.php?rest_route=\/wp\/v2\/pages\/421"}],"collection":[{"href":"http:\/\/www.mbu-con.se\/index.php?rest_route=\/wp\/v2\/pages"}],"about":[{"href":"http:\/\/www.mbu-con.se\/index.php?rest_route=\/wp\/v2\/types\/page"}],"author":[{"embeddable":true,"href":"http:\/\/www.mbu-con.se\/index.php?rest_route=\/wp\/v2\/users\/1"}],"replies":[{"embeddable":true,"href":"http:\/\/www.mbu-con.se\/index.php?rest_route=%2Fwp%2Fv2%2Fcomments&post=421"}],"version-history":[{"count":21,"href":"http:\/\/www.mbu-con.se\/index.php?rest_route=\/wp\/v2\/pages\/421\/revisions"}],"predecessor-version":[{"id":714,"href":"http:\/\/www.mbu-con.se\/index.php?rest_route=\/wp\/v2\/pages\/421\/revisions\/714"}],"wp:attachment":[{"href":"http:\/\/www.mbu-con.se\/index.php?rest_route=%2Fwp%2Fv2%2Fmedia&parent=421"}],"curies":[{"name":"wp","href":"https:\/\/api.w.org\/{rel}","templated":true}]}}