{"id":626,"date":"2018-04-01T18:29:50","date_gmt":"2018-04-01T16:29:50","guid":{"rendered":"http:\/\/www.mbu-con.se\/?page_id=626"},"modified":"2022-06-12T19:50:57","modified_gmt":"2022-06-12T17:50:57","slug":"faste-till-fresenius-kabi-infusionsvolym-pump","status":"publish","type":"page","link":"http:\/\/www.mbu-con.se\/?page_id=626","title":{"rendered":"F\u00e4ste till Fresenius Kabi infusions\/volym pump"},"content":{"rendered":"<p style=\"text-align: center;\"><a href=\"http:\/\/www.mbu-con.se\/wp-content\/uploads\/2018\/04\/Fresenius_300.png\"><img loading=\"lazy\" class=\"size-full wp-image-627\" title=\"F\u00e4ste till Fresenius\" src=\"http:\/\/www.mbu-con.se\/wp-content\/uploads\/2018\/04\/Fresenius_300.png\" alt=\"ste till Fresenius\" width=\"300\" height=\"265\" \/><\/a><\/p>\n<p><a href=\"http:\/\/www.mbu-con.se\/wp-content\/uploads\/2018\/04\/Fresenius_300_b.png\"><img loading=\"lazy\" class=\"alignnone size-full wp-image-634 aligncenter\" title=\"F\u00e4ste till Fresenius Kabi\" src=\"http:\/\/www.mbu-con.se\/wp-content\/uploads\/2018\/04\/Fresenius_300_b.png\" alt=\"F\u00e4ste till Fresenius Kabi\" width=\"325\" height=\"222\" srcset=\"http:\/\/www.mbu-con.se\/wp-content\/uploads\/2018\/04\/Fresenius_300_b.png 325w, http:\/\/www.mbu-con.se\/wp-content\/uploads\/2018\/04\/Fresenius_300_b-300x204.png 300w\" sizes=\"(max-width: 325px) 100vw, 325px\" \/><\/a><\/p>\n<p>F\u00e4stet \u00e4r CE-m\u00e4rkt, godk\u00e4nt f\u00f6r ambulanstransport EN 1789 samt MDR klass 1.<\/p>\n<p>MBU gripklo kan placeras i olika positioner i f\u00e4stets baksida och passar till r\u00f6r 20-30 mm diameter, EU-skena och IVA skena.<\/p>\n<p>Tillverkat i rostfritt st\u00e5l och med elpolerad finish.<\/p>\n<p>Instruktionsfilm f\u00f6r Fresenius Kabi f\u00e4ste<br \/>\n<iframe loading=\"lazy\" src=\"https:\/\/www.youtube.com\/embed\/RaKlDrqsLZ8?rel=0\" width=\"560\" height=\"315\" frameborder=\"0\"><\/iframe><\/p>\n","protected":false},"excerpt":{"rendered":"<p>F\u00e4stet \u00e4r CE-m\u00e4rkt, godk\u00e4nt f\u00f6r ambulanstransport EN 1789 samt MDR klass 1. MBU gripklo kan placeras i olika positioner i f\u00e4stets baksida och passar till r\u00f6r 20-30 mm diameter, EU-skena och IVA skena. Tillverkat i rostfritt st\u00e5l och med elpolerad &hellip; <a href=\"http:\/\/www.mbu-con.se\/?page_id=626\">L\u00e4s mer <span class=\"meta-nav\">&rarr;<\/span><\/a><\/p>\n","protected":false},"author":1,"featured_media":0,"parent":0,"menu_order":0,"comment_status":"closed","ping_status":"closed","template":"","meta":[],"_links":{"self":[{"href":"http:\/\/www.mbu-con.se\/index.php?rest_route=\/wp\/v2\/pages\/626"}],"collection":[{"href":"http:\/\/www.mbu-con.se\/index.php?rest_route=\/wp\/v2\/pages"}],"about":[{"href":"http:\/\/www.mbu-con.se\/index.php?rest_route=\/wp\/v2\/types\/page"}],"author":[{"embeddable":true,"href":"http:\/\/www.mbu-con.se\/index.php?rest_route=\/wp\/v2\/users\/1"}],"replies":[{"embeddable":true,"href":"http:\/\/www.mbu-con.se\/index.php?rest_route=%2Fwp%2Fv2%2Fcomments&post=626"}],"version-history":[{"count":8,"href":"http:\/\/www.mbu-con.se\/index.php?rest_route=\/wp\/v2\/pages\/626\/revisions"}],"predecessor-version":[{"id":687,"href":"http:\/\/www.mbu-con.se\/index.php?rest_route=\/wp\/v2\/pages\/626\/revisions\/687"}],"wp:attachment":[{"href":"http:\/\/www.mbu-con.se\/index.php?rest_route=%2Fwp%2Fv2%2Fmedia&parent=626"}],"curies":[{"name":"wp","href":"https:\/\/api.w.org\/{rel}","templated":true}]}}