{"id":122,"date":"2011-08-30T20:10:31","date_gmt":"2011-08-30T18:10:31","guid":{"rendered":"http:\/\/www.mbu-con.se\/?page_id=122"},"modified":"2025-03-02T16:29:54","modified_gmt":"2025-03-02T15:29:54","slug":"massor","status":"publish","type":"page","link":"https:\/\/www.mbu-con.se\/?page_id=122","title":{"rendered":"M\u00e4ssor"},"content":{"rendered":"<h3>MBU Constructions AB st\u00e4ller ut\/deltar p\u00e5 kommande m\u00e4ssor<\/h3>\n<ul>\n<li><a href=\"https:\/\/www.trippus.net\/SAMTIT2025\"><b>SAMTIT Kongress 2025<\/b><\/a>, 7-9 maj 2025, Arlandastad Stockholm.<\/li>\n<li><a href=\"https:\/\/flisakongressen.se\/\">FLISA 2024<\/a>, den 17-19 september, Kalmarsalen Kalmar.<\/li>\n<li>17-19 september 2019 &#8211; <a title=\"Flisa 2019\" href=\"https:\/\/flisakongressen.se\/\" target=\"_blank\" rel=\"noopener\">Flisa 2019<\/a>, Karlstad<\/li>\n<li>2-4 oktober 2018 &#8211; <a title=\"Flisa 2018\" href=\"http:\/\/www.trippus.se\/web\/presentation\/web.aspx?evid=QgA\/hOhBuC4J4HGjK4hEVw==&amp;ecid=x7GBb0j7+fY9lVGkkF3dmQ==&amp;ln=swe&amp;view=category&amp;template=desktop\">Flisa 2018<\/a>, \u00d6rebro<\/li>\n<li>19-21 september 2017 &#8211; <a title=\"FLISA 2017\" href=\"http:\/\/plus.rjl.se\/flisa2017\" target=\"_blank\" rel=\"noopener\">FLISA 2017<\/a>, J\u00f6nk\u00f6ping<\/li>\n<li>20-22 september 2016 &#8211; <a title=\"FLISA 2016\" href=\"http:\/\/www.trippus.net\/FLISA2016\" target=\"_blank\" rel=\"noopener\">FLISA 2016<\/a>, Helsingborg<\/li>\n<li>27-29 april 2016 &#8211; <a title=\"SAMTIT Kongress 2016\" href=\"http:\/\/www.samtit.nu\" target=\"_blank\" rel=\"noopener\">SAMTIT kongress 2016<\/a>, InfraCity Upplands V\u00e4sby<\/li>\n<li>15-17 september 2015 &#8211; <a title=\"FLISA 2015\" href=\"http:\/\/www.trippus.net\/FLISA2015\" target=\"_blank\" rel=\"noopener\">FLISA 2015<\/a>, Uddevalla<\/li>\n<li>22-24 april 2015 &#8211; <a title=\"SAMTIT Kongress 2015\" href=\"http:\/\/www.samtit.nu\" target=\"_blank\" rel=\"noopener\">SAMTIT Kongress 2015<\/a>, Malm\u00f6<\/li>\n<li>16-18 september 2014\u00a0&#8211; <a title=\"FLISA 2014 Tyl\u00f6sand\" href=\"http:\/\/www.flisa2014.se\" target=\"_blank\" rel=\"noopener\">FLISA 2014<\/a>, Tyl\u00f6sand<\/li>\n<li>5-7 maj 2014 &#8211; <a title=\"SAMTIT Kongress 2014\" href=\"http:\/\/www.samtit.nu\" target=\"_blank\" rel=\"noopener\">SAMTIT Kongress 2014<\/a>,\u00a0Infra City i Upplands V\u00e4sby<\/li>\n<li>30 januari 2014 &#8211; <a href=\"http:\/\/www.dagensmedicin.se\/seminarier\/sjukvardens-forskningsdag-2014\/\" target=\"_blank\" rel=\"noopener\">Sjukv\u00e5rdens forskningsdag 2014<\/a><\/li>\n<li>21-22 oktober 2013 &#8211; <a title=\"HLR-kongress 2013 Malm\u00f6\" href=\"http:\/\/hlrkongress.se\" target=\"_blank\" rel=\"noopener\">HLR-kongress 2013 Malm\u00f6<\/a><\/li>\n<li>10-12 september 2013 \u2013 <a title=\"FLISA 2013 Uppsala\" href=\"http:\/\/www.trippus.se\/web\/Presentation\/web.aspx?evid=E4tdCJq1EDRWqRPOxodFCg==&amp;ecid=PTBZ3EAiwTpUO54Y0pJELg==&amp;ln=swe&amp;view=category&amp;template=flex\" target=\"_blank\" rel=\"noopener\">FLISA 2013 Uppsala<\/a><\/li>\n<li>24-26 april 2013 &#8211; <a title=\"SAMTIT Kongress 2013\" href=\"http:\/\/www.samtit.nu\" target=\"_blank\" rel=\"noopener\">SAMTIT Kongress 2013<\/a><\/li>\n<li>22-23 november 2012 &#8211;\u00a0<a title=\"AnIva 2012\" href=\"http:\/\/kongress.com\/aniva-hosten\/\" target=\"_blank\" rel=\"noopener\">AnIva 2012 Stockholmsm\u00e4ssan<\/a><\/li>\n<li>11-13 september 2012 &#8211; <a title=\"Flisa, Norrk\u00f6ping\" href=\"http:\/\/eventus.trippus.se\/FLISA2012\">FLISA,\u00a0Norrk\u00f6ping<\/a><\/li>\n<li>24-25 april 2012 &#8211; <a href=\"http:\/\/www.ambulansforum2012.se\/\" target=\"_blank\" rel=\"noopener\">Ambulansforum,\u00a0Malm\u00f6<\/a><\/li>\n<li>24-25 november 2011 &#8211; <a title=\"AnIva\" href=\"http:\/\/www.kongress.com\/aniva.hosten\">AnIva,\u00a0Stockholm<\/a><\/li>\n<li>16-19 november 2011 &#8211; <a title=\"MEDICA i D\u00fcsseldorf\" href=\"http:\/\/www.medica-tradefair.com\/\">MEDICA,\u00a0D\u00fcsseldorf<\/a><\/li>\n<li>4-7 oktober 2011 &#8211; <a title=\"Tekniska m\u00e4ssan i Stockholm\" href=\"http:\/\/www.tekniskamassan.se\/\">Tekniska m\u00e4ssan,\u00a0Stockholm<\/a>,<br \/>\nALMI f\u00f6retagspartner J\u00f6nk\u00f6ping AB:s monter nr. A06:20<\/li>\n<li>21-23 september 2011- <a title=\"SFAI i Kalmar\" href=\"http:\/\/www.sfaiveckan.se\/\">SFAI,\u00a0Kalmar<\/a><\/li>\n<li>6-8 september 2011 &#8211; <a title=\"FLISA Kongress i G\u00e4vle\" href=\"http:\/\/www.trippus.se\/eventus\/eventus_cat.asp?EventusCat_ID=19341&amp;Lang=swe&amp;c=\">FLISA Kongress,\u00a0G\u00e4vle<\/a><\/li>\n<\/ul>\n","protected":false},"excerpt":{"rendered":"<p>MBU Constructions AB st\u00e4ller ut\/deltar p\u00e5 kommande m\u00e4ssor SAMTIT Kongress 2025, 7-9 maj 2025, Arlandastad Stockholm. FLISA 2024, den 17-19 september, Kalmarsalen Kalmar. 17-19 september 2019 &#8211; Flisa 2019, Karlstad 2-4 oktober 2018 &#8211; Flisa 2018, \u00d6rebro 19-21 september 2017 &hellip; <a href=\"https:\/\/www.mbu-con.se\/?page_id=122\">L\u00e4s mer <span class=\"meta-nav\">&rarr;<\/span><\/a><\/p>\n","protected":false},"author":1,"featured_media":0,"parent":0,"menu_order":5,"comment_status":"closed","ping_status":"closed","template":"","meta":[],"_links":{"self":[{"href":"https:\/\/www.mbu-con.se\/index.php?rest_route=\/wp\/v2\/pages\/122"}],"collection":[{"href":"https:\/\/www.mbu-con.se\/index.php?rest_route=\/wp\/v2\/pages"}],"about":[{"href":"https:\/\/www.mbu-con.se\/index.php?rest_route=\/wp\/v2\/types\/page"}],"author":[{"embeddable":true,"href":"https:\/\/www.mbu-con.se\/index.php?rest_route=\/wp\/v2\/users\/1"}],"replies":[{"embeddable":true,"href":"https:\/\/www.mbu-con.se\/index.php?rest_route=%2Fwp%2Fv2%2Fcomments&post=122"}],"version-history":[{"count":39,"href":"https:\/\/www.mbu-con.se\/index.php?rest_route=\/wp\/v2\/pages\/122\/revisions"}],"predecessor-version":[{"id":773,"href":"https:\/\/www.mbu-con.se\/index.php?rest_route=\/wp\/v2\/pages\/122\/revisions\/773"}],"wp:attachment":[{"href":"https:\/\/www.mbu-con.se\/index.php?rest_route=%2Fwp%2Fv2%2Fmedia&parent=122"}],"curies":[{"name":"wp","href":"https:\/\/api.w.org\/{rel}","templated":true}]}}