{"id":128,"date":"2011-09-01T19:08:14","date_gmt":"2011-09-01T17:08:14","guid":{"rendered":"http:\/\/www.mbu-con.se\/?page_id=128"},"modified":"2012-10-22T20:42:42","modified_gmt":"2012-10-22T18:42:42","slug":"mbu-i-media","status":"publish","type":"page","link":"https:\/\/www.mbu-con.se\/?page_id=128","title":{"rendered":"MBU i media"},"content":{"rendered":"<h3>Sidepack och MBU Constructions AB i media:<\/h3>\n<ul>\n<li><a title=\"Samverkan 2011 nr. 6 2011\" href=\"http:\/\/www.mbu-con.se\/wp-content\/uploads\/2012\/01\/Samverkan112_2011_6.pdf\">Samverkan 112 nr. 6\/2011<\/a><\/li>\n<li><a title=\"Nerven nr.4\/2011\" href=\"http:\/\/www.mbu-con.se\/wp-content\/uploads\/2011\/09\/Nerven_2011_4.pdf\">Nerven nr.4\/2011<\/a><\/li>\n<li><a title=\"Uppfinnaren &amp; Kontrukt\u00f6ren nr. 4 2011\" href=\"http:\/\/www.mbu-con.se\/wp-content\/uploads\/2011\/09\/Uppfinnaren_och_Kontruktoren_4_2011.pdf\">Uppfinnaren &amp; Kontrukt\u00f6ren nr. 4\/2011<\/a><\/li>\n<li><a title=\"\u00d6stran 2011-09-15\" href=\"http:\/\/www.mbu-con.se\/wp-content\/uploads\/2011\/09\/Ostran_110915.pdf\">\u00d6stran &#8211;\u00a02011-09-15<\/a><\/li>\n<li><a title=\"V\u00e5rdfokus\" href=\"https:\/\/www.vardforbundet.se\/Vardfokus\/Webbnyheter\/2011\/Juli\/Sjukskoterskorna-uppfinning-gor-ambulanstransporten-mer-patientsaker\/\">V\u00e5rdfokus &#8211; 2011-0708<\/a><\/li>\n<li><a title=\"Kalmar l\u00e4ns tidning\" href=\"http:\/\/www.klt.nu\/index.php?placid=26&amp;parent=1&amp;id=6680\">Kalmar l\u00e4ns tidning &#8211; 2011-07-01<\/a><\/li>\n<li><a title=\"Landstinget i Kalmar l\u00e4n\" href=\"http:\/\/www.ltkalmar.se\/lttemplates\/NewsPage____22919.aspx\">Landstinget i Kalmar l\u00e4n &#8211; 2011-06-30 <\/a><\/li>\n<li><a title=\"Barometern\" href=\"http:\/\/www.mbu-con.se\/wp-content\/uploads\/2011\/09\/Barometern_110629.pdf\">Barometern 2011-06-29<\/a><\/li>\n<li><a title=\"\u00d6stra Sm\u00e5land\" href=\"http:\/\/www.mbu-con.se\/wp-content\/uploads\/2011\/09\/Ostran_110629.pdf\">\u00d6stran 2011-06-29<\/a><\/li>\n<\/ul>\n","protected":false},"excerpt":{"rendered":"<p>Sidepack och MBU Constructions AB i media: Samverkan 112 nr. 6\/2011 Nerven nr.4\/2011 Uppfinnaren &amp; Kontrukt\u00f6ren nr. 4\/2011 \u00d6stran &#8211;\u00a02011-09-15 V\u00e5rdfokus &#8211; 2011-0708 Kalmar l\u00e4ns tidning &#8211; 2011-07-01 Landstinget i Kalmar l\u00e4n &#8211; 2011-06-30 Barometern 2011-06-29 \u00d6stran 2011-06-29<\/p>\n","protected":false},"author":1,"featured_media":0,"parent":0,"menu_order":6,"comment_status":"closed","ping_status":"closed","template":"","meta":[],"_links":{"self":[{"href":"https:\/\/www.mbu-con.se\/index.php?rest_route=\/wp\/v2\/pages\/128"}],"collection":[{"href":"https:\/\/www.mbu-con.se\/index.php?rest_route=\/wp\/v2\/pages"}],"about":[{"href":"https:\/\/www.mbu-con.se\/index.php?rest_route=\/wp\/v2\/types\/page"}],"author":[{"embeddable":true,"href":"https:\/\/www.mbu-con.se\/index.php?rest_route=\/wp\/v2\/users\/1"}],"replies":[{"embeddable":true,"href":"https:\/\/www.mbu-con.se\/index.php?rest_route=%2Fwp%2Fv2%2Fcomments&post=128"}],"version-history":[{"count":16,"href":"https:\/\/www.mbu-con.se\/index.php?rest_route=\/wp\/v2\/pages\/128\/revisions"}],"predecessor-version":[{"id":174,"href":"https:\/\/www.mbu-con.se\/index.php?rest_route=\/wp\/v2\/pages\/128\/revisions\/174"}],"wp:attachment":[{"href":"https:\/\/www.mbu-con.se\/index.php?rest_route=%2Fwp%2Fv2%2Fmedia&parent=128"}],"curies":[{"name":"wp","href":"https:\/\/api.w.org\/{rel}","templated":true}]}}