{"id":219,"date":"2012-04-22T11:59:29","date_gmt":"2012-04-22T09:59:29","guid":{"rendered":"http:\/\/www.mbu-con.se\/?page_id=219"},"modified":"2013-11-03T19:26:40","modified_gmt":"2013-11-03T18:26:40","slug":"sidearm","status":"publish","type":"page","link":"https:\/\/www.mbu-con.se\/?page_id=219","title":{"rendered":"Sidearm"},"content":{"rendered":"<p><img loading=\"lazy\" class=\"alignright size-full wp-image-236\" title=\"Sidearm\" src=\"http:\/\/www.mbu-con.se\/wp-content\/uploads\/2012\/04\/sidearm_mellan.png\" alt=\"*Sidearm\" width=\"339\" height=\"304\" srcset=\"https:\/\/www.mbu-con.se\/wp-content\/uploads\/2012\/04\/sidearm_mellan.png 339w, https:\/\/www.mbu-con.se\/wp-content\/uploads\/2012\/04\/sidearm_mellan-300x269.png 300w\" sizes=\"(max-width: 339px) 100vw, 339px\" \/>Sidearm\u00a0\u00e4r en\u00a0produkt framtagen av MBU Constructions AB.<\/p>\n<p>Sidearm \u00e4r ett armst\u00f6d f\u00f6r montering p\u00e5 b\u00e5r att anv\u00e4ndas som avlastning f\u00f6r\u00a0patientens arm och att underl\u00e4tta\u00a0 f\u00f6r personal vid blodtrycksm\u00e4tning, n\u00e5ls\u00e4ttning mm.<\/p>\n<p>Sidearm skapar en mer ergonomiskt och hygieniskt f\u00f6rfarande f\u00f6r b\u00e5de personal och patient.<\/p>\n<p>Det flexibla Sidearm armst\u00f6det kan monteras p\u00e5 b\u00e5de b\u00e5rens h\u00f6gra alternativt v\u00e4nstra sida. <img loading=\"lazy\" class=\"alignright size-full wp-image-120\" title=\"CE\" src=\"http:\/\/www.mbu-con.se\/wp-content\/uploads\/2011\/08\/ce.png\" alt=\"CE\" width=\"48\" height=\"38\" \/><\/p>\n<p>N\u00e4r Sidearm inte nyttjas d\u00f6ljs den delvis under b\u00e5rens madrass.<\/p>\n<p><img loading=\"lazy\" class=\"alignleft size-full wp-image-241\" title=\"Sidearm\" src=\"http:\/\/www.mbu-con.se\/wp-content\/uploads\/2012\/04\/Sidearm_5.jpg\" alt=\"\" width=\"4000\" height=\"2248\" srcset=\"https:\/\/www.mbu-con.se\/wp-content\/uploads\/2012\/04\/Sidearm_5.jpg 4000w, https:\/\/www.mbu-con.se\/wp-content\/uploads\/2012\/04\/Sidearm_5-300x168.jpg 300w, https:\/\/www.mbu-con.se\/wp-content\/uploads\/2012\/04\/Sidearm_5-1024x575.jpg 1024w\" sizes=\"(max-width: 4000px) 100vw, 4000px\" \/><\/p>\n<h3>Instruktionsfilm f\u00f6r Sidearm<br \/>\n<iframe loading=\"lazy\" src=\"\/\/www.youtube.com\/embed\/GUN2ay5O8Tc?rel=0\" frameborder=\"0\" width=\"560\" height=\"315\"><\/iframe><\/h3>\n<p><a title=\"Sidearm anv\u00e4ndarinstruktion\" href=\"http:\/\/www.mbu-con.se\/wp-content\/uploads\/2012\/06\/Sidearm_anvandarinstruktion.pdf\">Sidearm anv\u00e4ndarinstruktion<\/a><\/p>\n<p><a title=\"Sidearm bilder\" href=\"http:\/\/www.mbu-con.se\/wp-content\/uploads\/2012\/04\/Sidearm.pdf\" target=\"_blank\">Fler bilder p\u00e5 Sidearm<\/a><\/p>\n<p>\u00c5terf\u00f6rs\u00e4ljare <a title=\"Ferno Norden AB\" href=\"http:\/\/www.fernonorden.se\/\" target=\"_blank\">Ferno Norden AB<\/a><\/p>\n<p><a title=\"Ferno Norden AB\" href=\"http:\/\/www.fernonorden.se\" target=\"_blank\"><img loading=\"lazy\" class=\"alignleft size-full wp-image-269\" title=\"Ferno Norden AB\" src=\"http:\/\/www.mbu-con.se\/wp-content\/uploads\/2011\/09\/FernoNorden.png\" alt=\"Ferno Norden AB\" width=\"168\" height=\"55\" \/><\/a><\/p>\n","protected":false},"excerpt":{"rendered":"<p>Sidearm\u00a0\u00e4r en\u00a0produkt framtagen av MBU Constructions AB. Sidearm \u00e4r ett armst\u00f6d f\u00f6r montering p\u00e5 b\u00e5r att anv\u00e4ndas som avlastning f\u00f6r\u00a0patientens arm och att underl\u00e4tta\u00a0 f\u00f6r personal vid blodtrycksm\u00e4tning, n\u00e5ls\u00e4ttning mm. Sidearm skapar en mer ergonomiskt och hygieniskt f\u00f6rfarande f\u00f6r b\u00e5de &hellip; <a href=\"https:\/\/www.mbu-con.se\/?page_id=219\">L\u00e4s mer <span class=\"meta-nav\">&rarr;<\/span><\/a><\/p>\n","protected":false},"author":1,"featured_media":0,"parent":0,"menu_order":2,"comment_status":"closed","ping_status":"closed","template":"onecolumn-page.php","meta":[],"_links":{"self":[{"href":"https:\/\/www.mbu-con.se\/index.php?rest_route=\/wp\/v2\/pages\/219"}],"collection":[{"href":"https:\/\/www.mbu-con.se\/index.php?rest_route=\/wp\/v2\/pages"}],"about":[{"href":"https:\/\/www.mbu-con.se\/index.php?rest_route=\/wp\/v2\/types\/page"}],"author":[{"embeddable":true,"href":"https:\/\/www.mbu-con.se\/index.php?rest_route=\/wp\/v2\/users\/1"}],"replies":[{"embeddable":true,"href":"https:\/\/www.mbu-con.se\/index.php?rest_route=%2Fwp%2Fv2%2Fcomments&post=219"}],"version-history":[{"count":43,"href":"https:\/\/www.mbu-con.se\/index.php?rest_route=\/wp\/v2\/pages\/219\/revisions"}],"predecessor-version":[{"id":259,"href":"https:\/\/www.mbu-con.se\/index.php?rest_route=\/wp\/v2\/pages\/219\/revisions\/259"}],"wp:attachment":[{"href":"https:\/\/www.mbu-con.se\/index.php?rest_route=%2Fwp%2Fv2%2Fmedia&parent=219"}],"curies":[{"name":"wp","href":"https:\/\/api.w.org\/{rel}","templated":true}]}}