{"id":469,"date":"2013-11-18T21:12:30","date_gmt":"2013-11-18T20:12:30","guid":{"rendered":"http:\/\/www.mbu-con.se\/?page_id=469"},"modified":"2022-06-12T19:52:21","modified_gmt":"2022-06-12T17:52:21","slug":"mbu-gripklo","status":"publish","type":"page","link":"https:\/\/www.mbu-con.se\/?page_id=469","title":{"rendered":"MBU Gripklo"},"content":{"rendered":"<p>MBU Constructions AB har tagit fram MBU Gripklo.<\/p>\n<p><a href=\"http:\/\/www.mbu-con.se\/wp-content\/uploads\/2013\/11\/gripklo_mbu_400.png\"><img loading=\"lazy\" class=\"alignnone size-full wp-image-585\" title=\"gripklo_mbu_400\" src=\"http:\/\/www.mbu-con.se\/wp-content\/uploads\/2013\/11\/gripklo_mbu_400.png\" alt=\"MBU gripklo\" width=\"400\" height=\"300\" srcset=\"https:\/\/www.mbu-con.se\/wp-content\/uploads\/2013\/11\/gripklo_mbu_400.png 400w, https:\/\/www.mbu-con.se\/wp-content\/uploads\/2013\/11\/gripklo_mbu_400-300x225.png 300w\" sizes=\"(max-width: 400px) 100vw, 400px\" \/><\/a><\/p>\n<p>Produktfakta:<\/p>\n<ul>\n<li>Tillverkad i aluminium<\/li>\n<li>CE-m\u00e4rkt, godk\u00e4nt f\u00f6r ambulanstransport EN 1789 samt MDR klass 1.<\/li>\n<li>Vikt 200 g<\/li>\n<li>M\u00e5tt: L\u00e4ngd 70mm, h\u00f6jd 40mm, bredd 40 mm<\/li>\n<li>Passar till r\u00f6r 20-30 mm diameter, EU-skena och IVA-skena<\/li>\n<\/ul>\n","protected":false},"excerpt":{"rendered":"<p>MBU Constructions AB har tagit fram MBU Gripklo. Produktfakta: Tillverkad i aluminium CE-m\u00e4rkt, godk\u00e4nt f\u00f6r ambulanstransport EN 1789 samt MDR klass 1. Vikt 200 g M\u00e5tt: L\u00e4ngd 70mm, h\u00f6jd 40mm, bredd 40 mm Passar till r\u00f6r 20-30 mm diameter, EU-skena &hellip; <a href=\"https:\/\/www.mbu-con.se\/?page_id=469\">L\u00e4s mer <span class=\"meta-nav\">&rarr;<\/span><\/a><\/p>\n","protected":false},"author":1,"featured_media":0,"parent":0,"menu_order":0,"comment_status":"closed","ping_status":"closed","template":"","meta":[],"_links":{"self":[{"href":"https:\/\/www.mbu-con.se\/index.php?rest_route=\/wp\/v2\/pages\/469"}],"collection":[{"href":"https:\/\/www.mbu-con.se\/index.php?rest_route=\/wp\/v2\/pages"}],"about":[{"href":"https:\/\/www.mbu-con.se\/index.php?rest_route=\/wp\/v2\/types\/page"}],"author":[{"embeddable":true,"href":"https:\/\/www.mbu-con.se\/index.php?rest_route=\/wp\/v2\/users\/1"}],"replies":[{"embeddable":true,"href":"https:\/\/www.mbu-con.se\/index.php?rest_route=%2Fwp%2Fv2%2Fcomments&post=469"}],"version-history":[{"count":9,"href":"https:\/\/www.mbu-con.se\/index.php?rest_route=\/wp\/v2\/pages\/469\/revisions"}],"predecessor-version":[{"id":690,"href":"https:\/\/www.mbu-con.se\/index.php?rest_route=\/wp\/v2\/pages\/469\/revisions\/690"}],"wp:attachment":[{"href":"https:\/\/www.mbu-con.se\/index.php?rest_route=%2Fwp%2Fv2%2Fmedia&parent=469"}],"curies":[{"name":"wp","href":"https:\/\/api.w.org\/{rel}","templated":true}]}}