{"id":678,"date":"2022-06-12T19:34:42","date_gmt":"2022-06-12T17:34:42","guid":{"rendered":"http:\/\/www.mbu-con.se\/?page_id=678"},"modified":"2023-01-15T13:29:58","modified_gmt":"2023-01-15T12:29:58","slug":"faste-x3-holder-till-philips-intellivue-x3","status":"publish","type":"page","link":"https:\/\/www.mbu-con.se\/?page_id=678","title":{"rendered":"F\u00e4ste X3 Holder till Philips IntelliVue X3"},"content":{"rendered":"\n<p>MBU Constructions AB har tagit fram tre storlekar p\u00e5 f\u00e4stet X3 Holder (large, medium, small) som passar till Philips IntelliVue X3.<\/p>\n\n\n\n<ul><li>F\u00e4stet \u00e4r CE-m\u00e4rkt godk\u00e4nd f\u00f6r ambulanstransport EN 1789 samt MDR klass 1.<\/li><li><a href=\"http:\/\/www.mbu-con.se\/?page_id=469\">MBU Gripklo<\/a>&nbsp;kan placeras i rygg och i topp.<\/li><li>Tillverkad i rostfritt st\u00e5l, elpolerad finish.<\/li><\/ul>\n\n\n\n<h2>X3 Holder &#8211; Large<\/h2>\n\n\n\n<p>X3 Holder i storleken <em>Large <\/em>\u00e4r det f\u00e4ste som \u00e4r anpassad till monitor, kapnografdel och batteriladdare.<\/p>\n\n\n\n<p><iframe loading=\"lazy\" width=\"560\" height=\"315\" src=\"https:\/\/www.youtube.com\/embed\/eLLgG-DtBoE\" title=\"YouTube video player\" frameborder=\"0\" allow=\"accelerometer; autoplay; clipboard-write; encrypted-media; gyroscope; picture-in-picture\" allowfullscreen=\"\"><\/p><\/iframe><\/p>\n\n\n\n<p><\/p>\n\n\n\n<h2>X3 Holder &#8211; Medium<\/h2>\n\n\n\n<p>X3 Holder i storleken <em>Medium <\/em>\u00e4r det f\u00e4ste som \u00e4r anpassad till monitor och batteriladdare.<\/p>\n\n\n\n<figure class=\"wp-block-embed is-type-video is-provider-youtube wp-block-embed-youtube wp-embed-aspect-16-9 wp-has-aspect-ratio\"><div class=\"wp-block-embed__wrapper\">\n<iframe loading=\"lazy\" title=\"X3 Holder - Medium\" width=\"640\" height=\"360\" src=\"https:\/\/www.youtube.com\/embed\/MAJ-pJa2E-8?feature=oembed\" frameborder=\"0\" allow=\"accelerometer; autoplay; clipboard-write; encrypted-media; gyroscope; picture-in-picture; web-share\" allowfullscreen><\/iframe>\n<\/div><\/figure>\n\n\n\n<h2>X3 Holder &#8211; Small<\/h2>\n\n\n\n<p>X3 Holder i storleken <em>Small <\/em>\u00e4r det f\u00e4ste som \u00e4r anpassad till enbart monitordelen.<\/p>\n\n\n\n<figure class=\"wp-block-embed is-type-video is-provider-youtube wp-block-embed-youtube wp-embed-aspect-16-9 wp-has-aspect-ratio\"><div class=\"wp-block-embed__wrapper\">\n<iframe loading=\"lazy\" title=\"X3 Holder - Small\" width=\"640\" height=\"360\" src=\"https:\/\/www.youtube.com\/embed\/e5okb_nSObQ?feature=oembed\" frameborder=\"0\" allow=\"accelerometer; autoplay; clipboard-write; encrypted-media; gyroscope; picture-in-picture; web-share\" allowfullscreen><\/iframe>\n<\/div><\/figure>\n","protected":false},"excerpt":{"rendered":"<p>MBU Constructions AB har tagit fram tre storlekar p\u00e5 f\u00e4stet X3 Holder (large, medium, small) som passar till Philips IntelliVue X3. F\u00e4stet \u00e4r CE-m\u00e4rkt godk\u00e4nd f\u00f6r ambulanstransport EN 1789 samt MDR klass 1. MBU Gripklo&nbsp;kan placeras i rygg och i &hellip; <a href=\"https:\/\/www.mbu-con.se\/?page_id=678\">L\u00e4s mer <span class=\"meta-nav\">&rarr;<\/span><\/a><\/p>\n","protected":false},"author":1,"featured_media":0,"parent":0,"menu_order":0,"comment_status":"closed","ping_status":"closed","template":"","meta":[],"_links":{"self":[{"href":"https:\/\/www.mbu-con.se\/index.php?rest_route=\/wp\/v2\/pages\/678"}],"collection":[{"href":"https:\/\/www.mbu-con.se\/index.php?rest_route=\/wp\/v2\/pages"}],"about":[{"href":"https:\/\/www.mbu-con.se\/index.php?rest_route=\/wp\/v2\/types\/page"}],"author":[{"embeddable":true,"href":"https:\/\/www.mbu-con.se\/index.php?rest_route=\/wp\/v2\/users\/1"}],"replies":[{"embeddable":true,"href":"https:\/\/www.mbu-con.se\/index.php?rest_route=%2Fwp%2Fv2%2Fcomments&post=678"}],"version-history":[{"count":5,"href":"https:\/\/www.mbu-con.se\/index.php?rest_route=\/wp\/v2\/pages\/678\/revisions"}],"predecessor-version":[{"id":708,"href":"https:\/\/www.mbu-con.se\/index.php?rest_route=\/wp\/v2\/pages\/678\/revisions\/708"}],"wp:attachment":[{"href":"https:\/\/www.mbu-con.se\/index.php?rest_route=%2Fwp%2Fv2%2Fmedia&parent=678"}],"curies":[{"name":"wp","href":"https:\/\/api.w.org\/{rel}","templated":true}]}}