{"id":7,"date":"2011-08-28T19:04:11","date_gmt":"2011-08-28T17:04:11","guid":{"rendered":"http:\/\/www.mbu-con.se\/?page_id=7"},"modified":"2025-11-03T17:35:27","modified_gmt":"2025-11-03T16:35:27","slug":"sidepack-911-load-and-go-system","status":"publish","type":"page","link":"https:\/\/www.mbu-con.se\/","title":{"rendered":""},"content":{"rendered":"<p>\u200b<\/p>\n<table border=\"0\" width=\"900\">\n<tbody>\n<tr>\n<td align=\"left\" valign=\"top\" width=\"300\"><img loading=\"lazy\" class=\"aligncenter size-full wp-image-116\" title=\"Sidepack 911\" src=\"http:\/\/www.mbu-con.se\/wp-content\/uploads\/2011\/08\/sidepack_logga.png\" alt=\"Sidepack 911 Load and Go System\" width=\"128\" height=\"58\" \/><img loading=\"lazy\" class=\"aligncenter size-full wp-image-211\" title=\"Sidepack p\u00e5 b\u00e5r\" src=\"http:\/\/www.mbu-con.se\/wp-content\/uploads\/2011\/08\/sidepack_bar_smal.png\" alt=\"Sidepack p\u00e5 b\u00e5r\" width=\"97\" height=\"95\" \/><\/td>\n<td align=\"left\" valign=\"top\" width=\"300\"><img class=\"aligncenter\" src=\"http:\/\/www.mbu-con.se\/wp-content\/uploads\/2023\/05\/mvp-strike_150.png\" \/><\/td>\n<td align=\"left\" valign=\"top\" width=\"300\"><a href=\"http:\/\/www.mbu-con.se\/wp-content\/uploads\/2011\/08\/frontpack_150.jpg\"><img loading=\"lazy\" class=\"size-full wp-image-576 aligncenter\" title=\"frontpack_150\" src=\"http:\/\/www.mbu-con.se\/wp-content\/uploads\/2011\/08\/frontpack_150.jpg\" alt=\"Frontpack\" width=\"150\" height=\"114\" \/><\/a><\/td>\n<\/tr>\n<tr>\n<td align=\"left\" valign=\"top\" width=\"300\"><strong>Sidepack<\/strong> samlar ihop utrustningen i ett paket\u00a0 och\u00a0skapar ett komplett koncept f\u00f6r intensivv\u00e5rdstransport.<br \/><a title=\"Sidepack 911\" href=\"http:\/\/www.mbu-con.se\/?page_id=71\">L\u00e4s mer om Sidepack.<\/a><\/td>\n<td align=\"left\" valign=\"top\" width=\"300\"><strong><strong>MediVacPac<\/strong>, <\/strong>intensivv\u00e5rds transportst\u00e4llning.<strong><br \/><\/strong><a href=\"http:\/\/www.mbu-con.se\/?page_id=670\">L\u00e4s mer om MediVacPac<\/a><\/td>\n<td align=\"left\" valign=\"top\" width=\"300\"><strong>Frontpack<\/strong> samlar ihop utrustningen i ett paket\u00a0 och skapar ett komplett koncept f\u00f6r intensivv\u00e5rdstransport.<br \/><a title=\"Frontpack\" href=\"http:\/\/www.mbu-con.se\/?page_id=519\">L\u00e4s mer om Frontpack<\/a>.<\/td>\n<\/tr>\n<tr>\n<td align=\"left\" valign=\"top\" width=\"300\"><img loading=\"lazy\" class=\"aligncenter size-full wp-image-440\" title=\"F\u00e4ste till Dr\u00e4ger transportventilatorer\" src=\"http:\/\/www.mbu-con.se\/wp-content\/uploads\/2011\/08\/holder-drager_150x136.png\" alt=\"F\u00e4ste till Dr\u00e4ger transportventilatorer\" width=\"150\" height=\"136\" \/><\/td>\n<td align=\"left\" valign=\"top\" width=\"300\"><a href=\"http:\/\/www.mbu-con.se\/wp-content\/uploads\/2023\/01\/X3-Holder_150.png\"><img loading=\"lazy\" class=\"size-full wp-image-709 aligncenter\" src=\"http:\/\/www.mbu-con.se\/wp-content\/uploads\/2023\/01\/X3-Holder_150.png\" alt=\"\" width=\"150\" height=\"159\" \/><\/a><\/td>\n<td align=\"left\" valign=\"top\" width=\"300\"><img loading=\"lazy\" class=\"aligncenter size-full wp-image-442\" title=\"F\u00e4ste till Hamilton T1\" src=\"http:\/\/www.mbu-con.se\/wp-content\/uploads\/2011\/08\/holder-hamiltonT1_150.png\" alt=\"F\u00e4ste till Hamilton T1\" width=\"150\" height=\"138\" \/><\/td>\n<\/tr>\n<tr>\n<td align=\"left\" valign=\"top\" width=\"300\"><strong>F\u00e4ste<\/strong> till Dr\u00e4ger transportventilatorer Oxylog 2000+, 3000, 3000+.<br \/><a title=\"F\u00e4ste till Dr\u00e4ger transportventilatorer Oxylog 2000+, 3000 och 3000+\" href=\"http:\/\/www.mbu-con.se\/?page_id=281\">L\u00e4s mer om f\u00e4stet<\/a>.<\/td>\n<td align=\"left\" valign=\"top\" width=\"300\"><strong>F\u00e4ste<\/strong> X3 Holder till Philips IntelliVue X3, large, medium och small.<br \/><a href=\"http:\/\/www.mbu-con.se\/?page_id=678\">L\u00e4s mer om X3 Holder<\/a>.<\/td>\n<td align=\"left\" valign=\"top\" width=\"300\"><strong>F\u00e4ste<\/strong> till Hamilton T1.<br \/><a title=\"F\u00e4ste till Hamilton T1\" href=\"http:\/\/www.mbu-con.se\/?page_id=410\">L\u00e4s mer om f\u00e4stet<\/a>.<\/td>\n<\/tr>\n<tr>\n<td align=\"left\" valign=\"top\" width=\"300\"><img loading=\"lazy\" class=\"size-full wp-image-467 alignleft\" title=\"T1-Holder_150\" src=\"http:\/\/www.mbu-con.se\/wp-content\/uploads\/2011\/08\/T1-Holder_150.png\" alt=\"\" width=\"116\" height=\"112\" \/><\/td>\n<td align=\"left\" valign=\"top\" width=\"300\"><a href=\"http:\/\/www.mbu-con.se\/?page_id=428\"><img loading=\"lazy\" class=\"alignnone size-full wp-image-492\" title=\"F\u00e4ste M540 Holder till Dr\u00e4ger Infiniy  Monitor och Infiniy M500\" src=\"http:\/\/www.mbu-con.se\/wp-content\/uploads\/2011\/08\/M540_150.png\" alt=\"F\u00e4ste M540 Holder till Dr\u00e4ger Infiniy  Monitor och Infiniy M500\" width=\"150\" height=\"124\" \/><\/a><\/td>\n<td align=\"left\" valign=\"top\" width=\"300\"><a href=\"http:\/\/www.mbu-con.se\/wp-content\/uploads\/2024\/04\/IMG_1753.png\"><img loading=\"lazy\" class=\"alignnone  wp-image-748\" src=\"http:\/\/www.mbu-con.se\/wp-content\/uploads\/2024\/04\/IMG_1753.png\" alt=\"F\u00e4ste Carescape One Holder\" width=\"152\" height=\"121\" srcset=\"https:\/\/www.mbu-con.se\/wp-content\/uploads\/2024\/04\/IMG_1753.png 2775w, https:\/\/www.mbu-con.se\/wp-content\/uploads\/2024\/04\/IMG_1753-300x240.png 300w, https:\/\/www.mbu-con.se\/wp-content\/uploads\/2024\/04\/IMG_1753-1024x819.png 1024w, https:\/\/www.mbu-con.se\/wp-content\/uploads\/2024\/04\/IMG_1753-768x614.png 768w, https:\/\/www.mbu-con.se\/wp-content\/uploads\/2024\/04\/IMG_1753-1536x1229.png 1536w, https:\/\/www.mbu-con.se\/wp-content\/uploads\/2024\/04\/IMG_1753-2048x1638.png 2048w\" sizes=\"(max-width: 152px) 100vw, 152px\" \/><\/a><\/td>\n<\/tr>\n<tr>\n<td align=\"left\" valign=\"top\" width=\"300\"><strong>F\u00e4ste<\/strong> T1\/N1 Holder till Mindray BeneView\u00a0T1 och BeneVison N1.<br \/><a title=\"F\u00e4ste till Mindray BeneView Mindray T1\" href=\"http:\/\/www.mbu-con.se\/?page_id=421\">L\u00e4s mer om f\u00e4stet<\/a>.<\/td>\n<td align=\"left\" valign=\"top\" width=\"300\"><strong>F\u00e4ste<\/strong>\u00a0M540 Holder till Dr\u00e4ger Infinity M540 Monitor och Infinity M500 dockningsstation.<br \/><a title=\"F\u00e4ste till Dr\u00e4ger Infiniy M540 Monitor och Infiniy M500 docknings station\" href=\"http:\/\/www.mbu-con.se\/?page_id=428\">L\u00e4s mer om f\u00e4stet<\/a>.\u00a0<\/td>\n<td align=\"left\" valign=\"top\" width=\"300\"><strong>F\u00e4ste<\/strong> Carescape One Holder.<br \/><a href=\"https:\/\/www.mbu-con.se\/?page_id=746\">L\u00e4s mer om Carescape One Holder.<\/a><\/td>\n<\/tr>\n<tr>\n<td align=\"left\" valign=\"top\" width=\"300\"><a href=\"http:\/\/www.mbu-con.se\/wp-content\/uploads\/2011\/08\/Fresenius_150.png\"><img loading=\"lazy\" class=\"alignnone size-full wp-image-639\" title=\"Fresenius_150\" src=\"http:\/\/www.mbu-con.se\/wp-content\/uploads\/2011\/08\/Fresenius_150.png\" alt=\"\" width=\"150\" height=\"133\" \/><\/a><\/td>\n<td align=\"left\" valign=\"top\" width=\"300\"><a href=\"http:\/\/www.mbu-con.se\/wp-content\/uploads\/2011\/08\/gripklo_mbu_150.png\"><img loading=\"lazy\" class=\"alignnone size-full wp-image-588\" title=\"gripklo_mbu_150\" src=\"http:\/\/www.mbu-con.se\/wp-content\/uploads\/2011\/08\/gripklo_mbu_150.png\" alt=\"MBU gripklo\" width=\"150\" height=\"113\" \/><\/a><\/td>\n<td align=\"left\" valign=\"top\" width=\"300\"><a href=\"http:\/\/www.mbu-con.se\/wp-content\/uploads\/2024\/11\/Airvo_3_carrier_150.png\"><img loading=\"lazy\" class=\"alignnone size-full wp-image-755\" src=\"http:\/\/www.mbu-con.se\/wp-content\/uploads\/2024\/11\/Airvo_3_carrier_150.png\" alt=\"\" width=\"150\" height=\"134\" \/><\/a><\/td>\n<\/tr>\n<tr>\n<td align=\"left\" valign=\"top\" width=\"300\"><strong>F\u00e4ste<\/strong>\u00a0till Fresenius Kabi infusions\/volym pump.<br \/><a title=\"F\u00e4ste till Fresenius Kabi infusions\/volym pump\" href=\"http:\/\/www.mbu-con.se\/?page_id=626\"> L\u00e4s mer om f\u00e4stet<\/a>.<\/td>\n<td align=\"left\" valign=\"top\" width=\"300\"><strong>MBU Gripklo<\/strong>.<br \/><a title=\"MBU Gripklo\" href=\"http:\/\/www.mbu-con.se\/?page_id=469\">L\u00e4s mer om gripklon<\/a>.<\/td>\n<td align=\"left\" valign=\"top\" width=\"300\"><strong>Airvo 3 Carrier<\/strong>.<br \/><a href=\"https:\/\/www.mbu-con.se\/?page_id=759\">L\u00e4s mer om Airvo 3 Carrier<\/a>.<\/td>\n<\/tr>\n<tr>\n<td align=\"left\" valign=\"top\" width=\"300\"><a href=\"http:\/\/www.mbu-con.se\/wp-content\/uploads\/2011\/08\/heartkit_150.jpg\"><img loading=\"lazy\" class=\"alignnone size-full wp-image-578\" src=\"http:\/\/www.mbu-con.se\/wp-content\/uploads\/2011\/08\/heartkit_150.jpg\" alt=\"Heartkit\" width=\"150\" height=\"150\" \/><\/a><\/td>\n<td align=\"left\" valign=\"top\" width=\"300\"><a href=\"http:\/\/www.mbu-con.se\/wp-content\/uploads\/2025\/11\/Thopaz-150.png\"><img loading=\"lazy\" class=\"alignnone  wp-image-791\" src=\"http:\/\/www.mbu-con.se\/wp-content\/uploads\/2025\/11\/Thopaz-150.png\" alt=\"\" width=\"173\" height=\"133\" \/><\/a><\/td>\n<td align=\"left\" valign=\"top\" width=\"300\"><a href=\"http:\/\/www.mbu-con.se\/wp-content\/uploads\/2012\/04\/sidearm_liten.png\"><img loading=\"lazy\" class=\"alignnone size-full wp-image-224\" src=\"http:\/\/www.mbu-con.se\/wp-content\/uploads\/2012\/04\/sidearm_liten.png\" alt=\"Sidearm\" width=\"169\" height=\"152\" \/><\/a><\/td>\n<\/tr>\n<tr>\n<td align=\"left\" valign=\"top\" width=\"300\"><strong>HEARTKIT <\/strong>\u00e4r ett f\u00f6rsta hj\u00e4lpen kit vid hj\u00e4rtstopp.<br \/><a title=\"Heartkit\" href=\"http:\/\/www.mbu-con.se\/?page_id=314\">L\u00e4s mer om Heartkit<\/a>.<\/td>\n<td align=\"left\" valign=\"top\" width=\"300\"><strong>F\u00e4ste <\/strong>Thopaz.<strong><br \/><a href=\"https:\/\/www.mbu-con.se\/?page_id=774\">L\u00e4s mer Thopaz f\u00e4stet.<\/a><br \/><\/strong><\/td>\n<td align=\"left\" valign=\"top\" width=\"300\"><strong>Sidearm<\/strong>\u00a0\u00e4r ett armst\u00f6d f\u00f6r montering p\u00e5 b\u00e5r att\u00a0anv\u00e4ndas som avlastning f\u00f6r patientens arm.<br \/><a title=\"Sidearm\" href=\"http:\/\/www.mbu-con.se\/?page_id=219\">L\u00e4s mer om Sidearm<\/a>. \u00a0<\/td>\n<\/tr>\n<\/tbody>\n<\/table>\n<p>\u00a0 \u00a0\u00a0 \u00a0\u00a0 \u00a0\u00a0<strong><br \/><\/strong>\u00a0<\/p>\n\n\n<p><\/p>\n","protected":false},"excerpt":{"rendered":"<p>\u200b Sidepack samlar ihop utrustningen i ett paket\u00a0 och\u00a0skapar ett komplett koncept f\u00f6r intensivv\u00e5rdstransport.L\u00e4s mer om Sidepack. MediVacPac, intensivv\u00e5rds transportst\u00e4llning.L\u00e4s mer om MediVacPac Frontpack samlar ihop utrustningen i ett paket\u00a0 och skapar ett komplett koncept f\u00f6r intensivv\u00e5rdstransport.L\u00e4s mer om Frontpack. &hellip; <a href=\"https:\/\/www.mbu-con.se\/\">L\u00e4s mer <span class=\"meta-nav\">&rarr;<\/span><\/a><\/p>\n","protected":false},"author":1,"featured_media":0,"parent":0,"menu_order":0,"comment_status":"closed","ping_status":"closed","template":"","meta":[],"_links":{"self":[{"href":"https:\/\/www.mbu-con.se\/index.php?rest_route=\/wp\/v2\/pages\/7"}],"collection":[{"href":"https:\/\/www.mbu-con.se\/index.php?rest_route=\/wp\/v2\/pages"}],"about":[{"href":"https:\/\/www.mbu-con.se\/index.php?rest_route=\/wp\/v2\/types\/page"}],"author":[{"embeddable":true,"href":"https:\/\/www.mbu-con.se\/index.php?rest_route=\/wp\/v2\/users\/1"}],"replies":[{"embeddable":true,"href":"https:\/\/www.mbu-con.se\/index.php?rest_route=%2Fwp%2Fv2%2Fcomments&post=7"}],"version-history":[{"count":95,"href":"https:\/\/www.mbu-con.se\/index.php?rest_route=\/wp\/v2\/pages\/7\/revisions"}],"predecessor-version":[{"id":792,"href":"https:\/\/www.mbu-con.se\/index.php?rest_route=\/wp\/v2\/pages\/7\/revisions\/792"}],"wp:attachment":[{"href":"https:\/\/www.mbu-con.se\/index.php?rest_route=%2Fwp%2Fv2%2Fmedia&parent=7"}],"curies":[{"name":"wp","href":"https:\/\/api.w.org\/{rel}","templated":true}]}}