{"id":71,"date":"2011-08-30T18:46:39","date_gmt":"2011-08-30T16:46:39","guid":{"rendered":"http:\/\/www.mbu-con.se\/?page_id=71"},"modified":"2022-06-12T19:53:52","modified_gmt":"2022-06-12T17:53:52","slug":"sidepack-911-load-go-system","status":"publish","type":"page","link":"https:\/\/www.mbu-con.se\/?page_id=71","title":{"rendered":"Sidepack 911"},"content":{"rendered":"<h3><img loading=\"lazy\" class=\"size-medium wp-image-72 alignright\" title=\"Sidepack\" src=\"http:\/\/www.mbu-con.se\/wp-content\/uploads\/2011\/08\/sidepack_clean-300x165.png\" alt=\"Sidepack\" width=\"300\" height=\"165\" srcset=\"https:\/\/www.mbu-con.se\/wp-content\/uploads\/2011\/08\/sidepack_clean-300x165.png 300w, https:\/\/www.mbu-con.se\/wp-content\/uploads\/2011\/08\/sidepack_clean.png 301w\" sizes=\"(max-width: 300px) 100vw, 300px\" \/>Load and Go System<\/h3>\n<p style=\"text-align: left;\"><strong><em>Sidepack 911 \u00e4r ett effektivt och godk\u00e4nt transportsystem f\u00f6r intensivv\u00e5rdsutrustning i och utanf\u00f6r ambulans.<\/em><\/strong><\/p>\n<p>Sidepack 911 minskar installationstiderna vid ambulanstransporter och \u00f6kar patient- och personals\u00e4kerheten.<\/p>\n<p>Tack vare l\u00e5g vikt och robust konstruktion klarar Sidepack 911 intensivv\u00e5rdsutrustning upp till 40 kg. Dessutom \u00e4r systemet h\u00e5llfastighetstestat f\u00f6r krafter upp till 20 G, vilket g\u00f6r Sidepack 911 godk\u00e4nd f\u00f6r\u00a0den europeiska marknaden. Kan m\u00e5tt anpassas efter kundens \u00f6nskem\u00e5l.<\/p>\n<ul>\n<li><img loading=\"lazy\" class=\"alignright size-full wp-image-92\" title=\"Sidepack\" src=\"http:\/\/www.mbu-con.se\/wp-content\/uploads\/2011\/08\/sidepack_instrument2.png\" alt=\"Sidepack\" width=\"380\" height=\"250\" srcset=\"https:\/\/www.mbu-con.se\/wp-content\/uploads\/2011\/08\/sidepack_instrument2.png 380w, https:\/\/www.mbu-con.se\/wp-content\/uploads\/2011\/08\/sidepack_instrument2-300x197.png 300w\" sizes=\"(max-width: 380px) 100vw, 380px\" \/>Godk\u00e4nd f\u00f6r 40 kg \/ 20 G<\/li>\n<li>Patient- och personals\u00e4ker<\/li>\n<li>Ergonomiskt arbetss\u00e4tt<\/li>\n<li>Godk\u00e4nd enligt EN1789<\/li>\n<li>CE &#8211; m\u00e4rkt<\/li>\n<li>MDR klass 1<\/li>\n<li>Kvalitetss\u00e4ker<\/li>\n<li>Tidsbesparande<\/li>\n<li>Optimal \u00f6vervakning<\/li>\n<\/ul>\n<h3 style=\"text-align: left;\">Instruktionsfilm f\u00f6r Sidepack i XC90<\/h3>\n<p><iframe loading=\"lazy\" src=\"https:\/\/www.youtube.com\/embed\/TKYiTmB6oAE\" width=\"560\" height=\"315\" frameborder=\"0\"><\/iframe><\/p>\n<h3 style=\"text-align: left;\">Instruktionsfilm f\u00f6r Sidepack med lyftarm<\/h3>\n<p><iframe loading=\"lazy\" src=\"https:\/\/www.youtube.com\/embed\/F9StHnkobc8?rel=0\" width=\"560\" height=\"315\" frameborder=\"0\"><\/iframe><\/p>\n<h3>Instruktionsfilm f\u00f6r Sidepack Pensi ErgoMy<\/h3>\n<p><iframe loading=\"lazy\" src=\"https:\/\/www.youtube.com\/embed\/CCoLFTjb8UA?rel=0\" width=\"560\" height=\"315\" frameborder=\"0\"><\/iframe><\/p>\n<h3 style=\"text-align: left;\">Instruktionsfilm f\u00f6r Sidepack i Volvo<\/h3>\n<p><iframe loading=\"lazy\" src=\"https:\/\/www.youtube.com\/embed\/q2aBf-B_Gh8?rel=0\" width=\"560\" height=\"315\" frameborder=\"0\"><\/iframe><\/p>\n<h3 style=\"text-align: left;\">Instruktionsfilm f\u00f6r inlastning av Sidepack<\/h3>\n<p><iframe loading=\"lazy\" src=\"\/\/www.youtube.com\/embed\/OpJG8S0AD5A?rel=0\" width=\"560\" height=\"315\" frameborder=\"0\"><\/iframe><\/p>\n<h3 style=\"text-align: left;\">Instruktionsfilm f\u00f6r utlastning av Sidepack<\/h3>\n<p><iframe loading=\"lazy\" src=\"\/\/www.youtube.com\/embed\/ZF8ueRNVltg?rel=0\" width=\"560\" height=\"315\" frameborder=\"0\"><\/iframe><\/p>\n<h3 style=\"text-align: left;\">Sidepack Load and Go in 53 second<\/h3>\n<p><iframe loading=\"lazy\" src=\"\/\/www.youtube.com\/embed\/KSj-IjuJJtE?rel=0\" width=\"560\" height=\"315\" frameborder=\"0\"><\/iframe><\/p>\n<h3 style=\"text-align: left;\">Instruktionsfilm f\u00f6r Sidepack anpassad till Pensi b\u00e5r.<\/h3>\n<p><iframe loading=\"lazy\" src=\"https:\/\/www.youtube.com\/embed\/Ynd6IMe5fMg?rel=0\" width=\"640\" height=\"480\" frameborder=\"0\"><\/iframe><\/p>\n<p><a title=\"Sidepack 911 Produktblad - svensk\" href=\"http:\/\/www.mbu-con.se\/wp-content\/uploads\/2011\/11\/MBU_PB_SidePack911_SV_web.pdf\">Produktblad Sidepack 911\u00a0&#8211; svensk<\/a><\/p>\n<p><a title=\"Product Sheet Sidepack 911 - english\" href=\"http:\/\/www.mbu-con.se\/wp-content\/uploads\/2011\/11\/MBU_PB_SidePack911_ENG_web.pdf\">Product sheet Sidepack 911 &#8211; engelsk<\/a><\/p>\n<p><a href=\"http:\/\/www.mbu-con.se\/wp-content\/uploads\/2012\/08\/Alternativ_montering_2.1.pdf\" target=\"_blank\" rel=\"noopener\">Sidepack,\u00a0alternativa monteringar<\/a><\/p>\n<p><a href=\"http:\/\/www.mbu-con.se\/wp-content\/uploads\/2012\/08\/Sidepack_presentation_3.1.pdf\" target=\"_blank\" rel=\"noopener\">Sidepack, anv\u00e4ndarinstruktion<\/a><\/p>\n<h2>Produktfakta<\/h2>\n<p><strong>Modell<\/strong>: \u00a0SidePack 911<img loading=\"lazy\" class=\"alignright size-full wp-image-99\" title=\"Sidepack\" src=\"http:\/\/www.mbu-con.se\/wp-content\/uploads\/2011\/08\/sidepack_near.png\" alt=\"Sidepack\" width=\"337\" height=\"218\" srcset=\"https:\/\/www.mbu-con.se\/wp-content\/uploads\/2011\/08\/sidepack_near.png 337w, https:\/\/www.mbu-con.se\/wp-content\/uploads\/2011\/08\/sidepack_near-300x194.png 300w\" sizes=\"(max-width: 337px) 100vw, 337px\" \/><br \/>\n<strong>Standardm\u00e5tt, <\/strong>kan m\u00e5tt anpassas efter kundens \u00f6nskem\u00e5l<strong>:<br \/>\nL\u00e4ngd<\/strong>: \u00a0890 mm<br \/>\n<strong>Bredd<\/strong>: \u00a0150 mm<br \/>\n<strong>H\u00f6jd<\/strong>:\u00a0\u00a0365 mm.<br \/>\n<strong>Vikt<\/strong>: \u00a03,75 kg<br \/>\n<strong>Belastning<\/strong>: \u00a040 kg \/ 20 G<br \/>\n<strong>Godk\u00e4nd<\/strong>: \u00a0CE-m\u00e4rkt, EN 1789<br \/>\n<strong>Konstruktion<\/strong>:<br \/>\n&#8211; R\u00f6r: \u00d8 30 mm rostfritt (AISI 304\/EN 1.4301)<br \/>\n&#8211; F\u00e4sten: Aluminium, vattenskuret<\/p>\n<p><img loading=\"lazy\" class=\"alignleft size-full wp-image-120\" title=\"CE\" src=\"http:\/\/www.mbu-con.se\/wp-content\/uploads\/2011\/08\/ce.png\" alt=\"CE\" width=\"48\" height=\"38\" \/><\/p>\n<p><img loading=\"lazy\" class=\"alignleft size-full wp-image-167\" title=\"Sidepack ritning\" src=\"http:\/\/www.mbu-con.se\/wp-content\/uploads\/2011\/08\/sidepack_model_2.png\" alt=\"Sidepack ritning\" width=\"703\" height=\"271\" srcset=\"https:\/\/www.mbu-con.se\/wp-content\/uploads\/2011\/08\/sidepack_model_2.png 703w, https:\/\/www.mbu-con.se\/wp-content\/uploads\/2011\/08\/sidepack_model_2-300x115.png 300w\" sizes=\"(max-width: 703px) 100vw, 703px\" \/><br \/>\nKan modellanpassas. <a title=\"Kontakta oss\" href=\"http:\/\/www.mbu-con.se\/?page_id=17\">Kontakta MBU Constructions AB<\/a> f\u00f6r mer information.<\/p>\n<h2>Sidpack anv\u00e4ndare<\/h2>\n<ul>\n<li>Falun, IVA, 2 st.<\/li>\n<li>G\u00f6teborg,\u00a0SU\/\u00d6stra sjukhuset, IVA<\/li>\n<li>Halmstad, IVA<\/li>\n<li>Kalmar, IVA, 2 st.<\/li>\n<li>Karlshamn, IVA<\/li>\n<li>Karlskrona, IVA<\/li>\n<li>Kristianstad, IVA<\/li>\n<li>Link\u00f6ping, H\u00f6griskisoleringsambulans<\/li>\n<li>Link\u00f6ping, IVA<\/li>\n<li>Lund Region Sk\u00e5ne, IVA Ambulans<\/li>\n<li>Mora, IVA<\/li>\n<li>Motala, IVA<\/li>\n<li>Norrk\u00f6ping, IVA\/AKM<\/li>\n<li>Oskarshamn, IVA<\/li>\n<li>Trollh\u00e4ttan, IVA Ambulans<\/li>\n<li>Uddevalla, IVA<\/li>\n<li>Varberg, IVA<\/li>\n<li>V\u00e4stervik, IVA<\/li>\n<\/ul>\n","protected":false},"excerpt":{"rendered":"<p>Load and Go System Sidepack 911 \u00e4r ett effektivt och godk\u00e4nt transportsystem f\u00f6r intensivv\u00e5rdsutrustning i och utanf\u00f6r ambulans. Sidepack 911 minskar installationstiderna vid ambulanstransporter och \u00f6kar patient- och personals\u00e4kerheten. Tack vare l\u00e5g vikt och robust konstruktion klarar Sidepack 911 intensivv\u00e5rdsutrustning &hellip; <a href=\"https:\/\/www.mbu-con.se\/?page_id=71\">L\u00e4s mer <span class=\"meta-nav\">&rarr;<\/span><\/a><\/p>\n","protected":false},"author":1,"featured_media":0,"parent":0,"menu_order":1,"comment_status":"closed","ping_status":"closed","template":"onecolumn-page.php","meta":[],"_links":{"self":[{"href":"https:\/\/www.mbu-con.se\/index.php?rest_route=\/wp\/v2\/pages\/71"}],"collection":[{"href":"https:\/\/www.mbu-con.se\/index.php?rest_route=\/wp\/v2\/pages"}],"about":[{"href":"https:\/\/www.mbu-con.se\/index.php?rest_route=\/wp\/v2\/types\/page"}],"author":[{"embeddable":true,"href":"https:\/\/www.mbu-con.se\/index.php?rest_route=\/wp\/v2\/users\/1"}],"replies":[{"embeddable":true,"href":"https:\/\/www.mbu-con.se\/index.php?rest_route=%2Fwp%2Fv2%2Fcomments&post=71"}],"version-history":[{"count":56,"href":"https:\/\/www.mbu-con.se\/index.php?rest_route=\/wp\/v2\/pages\/71\/revisions"}],"predecessor-version":[{"id":692,"href":"https:\/\/www.mbu-con.se\/index.php?rest_route=\/wp\/v2\/pages\/71\/revisions\/692"}],"wp:attachment":[{"href":"https:\/\/www.mbu-con.se\/index.php?rest_route=%2Fwp%2Fv2%2Fmedia&parent=71"}],"curies":[{"name":"wp","href":"https:\/\/api.w.org\/{rel}","templated":true}]}}