{"id":746,"date":"2024-04-21T14:49:03","date_gmt":"2024-04-21T12:49:03","guid":{"rendered":"https:\/\/www.mbu-con.se\/?page_id=746"},"modified":"2024-04-21T14:49:03","modified_gmt":"2024-04-21T12:49:03","slug":"faste-carescape-one-holder","status":"publish","type":"page","link":"https:\/\/www.mbu-con.se\/?page_id=746","title":{"rendered":"F\u00e4ste Carescape One Holder"},"content":{"rendered":"\n<p>MBU Constructions AB har tagit fram ett f\u00e4ste till GE HealthCare &#8221;Carescape One Holder&#8221;.<\/p>\n\n\n\n<figure class=\"wp-block-image size-large is-resized\"><a href=\"http:\/\/www.mbu-con.se\/wp-content\/uploads\/2024\/04\/IMG_1753.png\"><img loading=\"lazy\" src=\"http:\/\/www.mbu-con.se\/wp-content\/uploads\/2024\/04\/IMG_1753-1024x819.png\" alt=\"F\u00e4ste Carescape One Holder\" class=\"wp-image-748\" width=\"403\" height=\"321\" srcset=\"https:\/\/www.mbu-con.se\/wp-content\/uploads\/2024\/04\/IMG_1753-1024x819.png 1024w, https:\/\/www.mbu-con.se\/wp-content\/uploads\/2024\/04\/IMG_1753-300x240.png 300w, https:\/\/www.mbu-con.se\/wp-content\/uploads\/2024\/04\/IMG_1753-768x614.png 768w, https:\/\/www.mbu-con.se\/wp-content\/uploads\/2024\/04\/IMG_1753-1536x1229.png 1536w, https:\/\/www.mbu-con.se\/wp-content\/uploads\/2024\/04\/IMG_1753-2048x1638.png 2048w\" sizes=\"(max-width: 403px) 100vw, 403px\" \/><\/a><\/figure>\n\n\n\n<ul><li>F\u00e4stet \u00e4r CE-m\u00e4rkt godk\u00e4nd f\u00f6r ambulanstransport EN 1789 samt MDR klass 1.<\/li><li>Tillverkad i rostfritt st\u00e5l.<\/li><\/ul>\n\n\n\n<h2><p>Instruktionsfilm Carscape One Holder<\/p><iframe loading=\"lazy\" width=\"560\" height=\"315\" src=\"https:\/\/www.youtube.com\/embed\/XxUiqzdSM_g?si=LrXK38YtME6Jpmfg\" title=\"YouTube video player\" frameborder=\"0\" allow=\"accelerometer; autoplay; clipboard-write; encrypted-media; gyroscope; picture-in-picture; web-share\" referrerpolicy=\"strict-origin-when-cross-origin\" allowfullscreen=\"\"><\/h2>\n\n\n\n<p><\/p>\n","protected":false},"excerpt":{"rendered":"<p>MBU Constructions AB har tagit fram ett f\u00e4ste till GE HealthCare &#8221;Carescape One Holder&#8221;. F\u00e4stet \u00e4r CE-m\u00e4rkt godk\u00e4nd f\u00f6r ambulanstransport EN 1789 samt MDR klass 1. Tillverkad i rostfritt st\u00e5l. Instruktionsfilm Carscape One Holder<\/p>\n","protected":false},"author":1,"featured_media":0,"parent":0,"menu_order":0,"comment_status":"closed","ping_status":"closed","template":"","meta":[],"_links":{"self":[{"href":"https:\/\/www.mbu-con.se\/index.php?rest_route=\/wp\/v2\/pages\/746"}],"collection":[{"href":"https:\/\/www.mbu-con.se\/index.php?rest_route=\/wp\/v2\/pages"}],"about":[{"href":"https:\/\/www.mbu-con.se\/index.php?rest_route=\/wp\/v2\/types\/page"}],"author":[{"embeddable":true,"href":"https:\/\/www.mbu-con.se\/index.php?rest_route=\/wp\/v2\/users\/1"}],"replies":[{"embeddable":true,"href":"https:\/\/www.mbu-con.se\/index.php?rest_route=%2Fwp%2Fv2%2Fcomments&post=746"}],"version-history":[{"count":3,"href":"https:\/\/www.mbu-con.se\/index.php?rest_route=\/wp\/v2\/pages\/746\/revisions"}],"predecessor-version":[{"id":750,"href":"https:\/\/www.mbu-con.se\/index.php?rest_route=\/wp\/v2\/pages\/746\/revisions\/750"}],"wp:attachment":[{"href":"https:\/\/www.mbu-con.se\/index.php?rest_route=%2Fwp%2Fv2%2Fmedia&parent=746"}],"curies":[{"name":"wp","href":"https:\/\/api.w.org\/{rel}","templated":true}]}}