{"id":759,"date":"2024-11-24T19:18:00","date_gmt":"2024-11-24T18:18:00","guid":{"rendered":"https:\/\/www.mbu-con.se\/?page_id=759"},"modified":"2026-02-23T19:03:44","modified_gmt":"2026-02-23T18:03:44","slug":"airvo-3-carrier","status":"publish","type":"page","link":"https:\/\/www.mbu-con.se\/?page_id=759","title":{"rendered":"F\u00e4ste Airvo 3 Carrier"},"content":{"rendered":"\n<figure class=\"wp-block-image size-full is-resized\"><a href=\"http:\/\/www.mbu-con.se\/wp-content\/uploads\/2024\/11\/Airvo_3_carrier.png\"><img loading=\"lazy\" src=\"http:\/\/www.mbu-con.se\/wp-content\/uploads\/2024\/11\/Airvo_3_carrier.png\" alt=\"\" class=\"wp-image-756\" width=\"396\" height=\"353\" srcset=\"https:\/\/www.mbu-con.se\/wp-content\/uploads\/2024\/11\/Airvo_3_carrier.png 541w, https:\/\/www.mbu-con.se\/wp-content\/uploads\/2024\/11\/Airvo_3_carrier-300x267.png 300w\" sizes=\"(max-width: 396px) 100vw, 396px\" \/><\/a><\/figure>\n\n\n\n<p>MBU Constructions AB har tagit fram ett f\u00e4st som passar till Airvo 3.<\/p>\n\n\n\n<ul><li>F\u00e4stet \u00e4r CE-m\u00e4rkt godk\u00e4nd f\u00f6r ambulanstransport EN 1789 samt MDR klass 1.<\/li><li><a href=\"http:\/\/www.mbu-con.se\/?page_id=469\">MBU Gripklo<\/a>&nbsp;ing\u00e5r som kan placeras p\u00e5 horisontell eller vertikal IVA-skena\/r\u00f6r.<\/li><li>Tillverkad i rostfritt st\u00e5l, elpolerad finish.<\/li><\/ul>\n\n\n\n<p><a rel=\"noreferrer noopener\" href=\"http:\/\/www.mbu-con.se\/wp-content\/uploads\/2024\/11\/Bruksanvisning-AIRVO-3-Carrier-1.pdf\" target=\"_blank\">Bruksanvisning Arivo 3 Carrier<\/a><\/p>\n\n\n\n<p><p><strong>Instruktionsfilm<\/strong><\/p> <iframe loading=\"lazy\" width=\"560\" height=\"315\" src=\"https:\/\/www.youtube.com\/embed\/DJV4G66MK4Q?si=k4OMMJImZB41cnb1\" title=\"YouTube video player\" frameborder=\"0\" allow=\"accelerometer; autoplay; clipboard-write; encrypted-media; gyroscope; picture-in-picture; web-share\" referrerpolicy=\"strict-origin-when-cross-origin\" allowfullscreen=\"\"><\/p>\n\n\n\n<p><\/p>\n\n\n\n<p><\/p>\n","protected":false},"excerpt":{"rendered":"<p>MBU Constructions AB har tagit fram ett f\u00e4st som passar till Airvo 3. F\u00e4stet \u00e4r CE-m\u00e4rkt godk\u00e4nd f\u00f6r ambulanstransport EN 1789 samt MDR klass 1. MBU Gripklo&nbsp;ing\u00e5r som kan placeras p\u00e5 horisontell eller vertikal IVA-skena\/r\u00f6r. Tillverkad i rostfritt st\u00e5l, elpolerad &hellip; <a href=\"https:\/\/www.mbu-con.se\/?page_id=759\">L\u00e4s mer <span class=\"meta-nav\">&rarr;<\/span><\/a><\/p>\n","protected":false},"author":1,"featured_media":0,"parent":0,"menu_order":0,"comment_status":"closed","ping_status":"closed","template":"","meta":[],"_links":{"self":[{"href":"https:\/\/www.mbu-con.se\/index.php?rest_route=\/wp\/v2\/pages\/759"}],"collection":[{"href":"https:\/\/www.mbu-con.se\/index.php?rest_route=\/wp\/v2\/pages"}],"about":[{"href":"https:\/\/www.mbu-con.se\/index.php?rest_route=\/wp\/v2\/types\/page"}],"author":[{"embeddable":true,"href":"https:\/\/www.mbu-con.se\/index.php?rest_route=\/wp\/v2\/users\/1"}],"replies":[{"embeddable":true,"href":"https:\/\/www.mbu-con.se\/index.php?rest_route=%2Fwp%2Fv2%2Fcomments&post=759"}],"version-history":[{"count":9,"href":"https:\/\/www.mbu-con.se\/index.php?rest_route=\/wp\/v2\/pages\/759\/revisions"}],"predecessor-version":[{"id":798,"href":"https:\/\/www.mbu-con.se\/index.php?rest_route=\/wp\/v2\/pages\/759\/revisions\/798"}],"wp:attachment":[{"href":"https:\/\/www.mbu-con.se\/index.php?rest_route=%2Fwp%2Fv2%2Fmedia&parent=759"}],"curies":[{"name":"wp","href":"https:\/\/api.w.org\/{rel}","templated":true}]}}